{"id":13195,"date":"2019-07-01T00:28:49","date_gmt":"2019-07-01T00:28:49","guid":{"rendered":"http:\/\/www.solemer.com\/?page_id=13195"},"modified":"2021-03-26T17:34:10","modified_gmt":"2021-03-26T17:34:10","slug":"le-brunch-de-solemer","status":"publish","type":"page","link":"https:\/\/www.solemer.com\/fr\/le-brunch-de-solemer\/","title":{"rendered":"Le brunch de Sol\u00e9mer"},"content":{"rendered":"<div class=\"row \"><div class=\"vamtam-grid grid-1-1 blueside vamtam-first-level grid-1-1  first has-background extended no-extended-padding\" style=\"background-color:#22272d;padding-top:0.05px;padding-bottom:0.05px;\" id=\"vamtam-column-9028f55de8501f88981114522f6fe25a\" ><div class=\"limit-wrapper\"><div class=\"extended-column-inner\"><style>#vamtam-column-9028f55de8501f88981114522f6fe25a,#vamtam-column-9028f55de8501f88981114522f6fe25a p,#vamtam-column-9028f55de8501f88981114522f6fe25a em,#vamtam-column-9028f55de8501f88981114522f6fe25a h1,#vamtam-column-9028f55de8501f88981114522f6fe25a h2,#vamtam-column-9028f55de8501f88981114522f6fe25a h3,#vamtam-column-9028f55de8501f88981114522f6fe25a h4,#vamtam-column-9028f55de8501f88981114522f6fe25a h5,#vamtam-column-9028f55de8501f88981114522f6fe25a h6,#vamtam-column-9028f55de8501f88981114522f6fe25a h1 a:not(:hover),#vamtam-column-9028f55de8501f88981114522f6fe25a h2 a:not(:hover),#vamtam-column-9028f55de8501f88981114522f6fe25a h3 a:not(:hover),#vamtam-column-9028f55de8501f88981114522f6fe25a h4 a:not(:hover),#vamtam-column-9028f55de8501f88981114522f6fe25a h5 a:not(:hover),#vamtam-column-9028f55de8501f88981114522f6fe25a h6 a:not(:hover),#vamtam-column-9028f55de8501f88981114522f6fe25a .column-title,#vamtam-column-9028f55de8501f88981114522f6fe25a .sep-text h2.regular-title-wrapper,#vamtam-column-9028f55de8501f88981114522f6fe25a .text-divider-double,#vamtam-column-9028f55de8501f88981114522f6fe25a .sep-text .sep-text-line,#vamtam-column-9028f55de8501f88981114522f6fe25a .sep,#vamtam-column-9028f55de8501f88981114522f6fe25a .sep-2,#vamtam-column-9028f55de8501f88981114522f6fe25a .sep-3,#vamtam-column-9028f55de8501f88981114522f6fe25a .portfolio-filters .inner-wrapper .cbp-filter-item,#vamtam-column-9028f55de8501f88981114522f6fe25a .portfolio-filters .inner-wrapper .cbp-filter-item:hover,#vamtam-column-9028f55de8501f88981114522f6fe25a .portfolio-filters .inner-wrapper .cbp-filter-item.cbp-filter-item-active,#vamtam-column-9028f55de8501f88981114522f6fe25a td,#vamtam-column-9028f55de8501f88981114522f6fe25a th,#vamtam-column-9028f55de8501f88981114522f6fe25a caption{color:#f4f4f4;}<\/style><div class=\"row \"><div class=\"vamtam-grid grid-1-2  grid-1-2  first vamtam-cover-bg has-background unextended animation-fade-in animated-active no-extended-padding\" style=\"\n\t\t\t\tbackground: url( &#039;https:\/\/www.solemer.com\/wp-content\/uploads\/2021\/03\/BRUNCH-scaled.jpg&#039; ) no-repeat center top;\n\t\t\t\tbackground-size: cover;\n\t\t\tbackground-attachment: scroll;padding-top:0.05px;padding-bottom:0.05px;\" id=\"vamtam-column-f4e140aba6f15b2a1797c0711461f3da\" ><\/div>\n<div class=\"vamtam-grid grid-1-2  grid-1-2  unextended animation-fade-in animated-active no-extended-padding\" style=\"padding-top:0.05px;padding-bottom:0.05px;\" id=\"vamtam-column-c8dc2cb0f9eb9cdc08505d5b0440f5a7\" ><p style=\"text-align: center;\"><strong>Vous cherchez un brunch qui vous fera voyager?\u00a0Vous pr\u00e9f\u00e9rez les buffets \u00e0 volont\u00e9?<\/strong><\/p>\n<p class=\"p1\" style=\"text-align: center;\">Notre \u00e9quipe se fera le plaisir de vous dresser une table g\u00e9n\u00e9reuse \u00e9voquant les festins du dimanche chez T\u00e9ta (grand-maman). Vous trouverez une s\u00e9lection vari\u00e9e de mezz\u00e9s, salades, sp\u00e9cialit\u00e9s libanaises, station d\u2019\u0153ufs, station Saj (galettes libanaises fra\u00eeches), desserts maisons, ainsi que caf\u00e9s et th\u00e9s \u00e0 volont\u00e9\u2026 tous les essentiels du brunch libanais!<\/p>\n<p style=\"text-align: center;\"><b>Buffet brunch pour les groupes 100 personnes ou plus<br \/>\nDisponible sur demande, tous les jours de 11h00 \u00e0 14h00<br \/>\nR\u00e9servations requises minimum 72 heures \u00e0 l\u2019avance.<span class=\"Apple-converted-space\">\u00a0<\/span><\/b><\/p>\n<p style=\"text-align: center;\">Pour faire une r\u00e9servation ou pour plus d\u2019informations, nos ma\u00eetres d\u2019h\u00f4tel, Georges et Milad, se feront le plaisir de vous aider:<\/p>\n<p class=\"p1\" style=\"text-align: center;\"><span class=\"s1\"> <b>T<\/b> <a href=\"tel:514.332.2255\">514-332-2255<\/a><\/span><\/p>\n<p class=\"p1\" style=\"text-align: center;\"><span class=\"s1\"><b>C<\/b> <a href=\"mailto:info@solemer.com\">info@solemer.com <\/a><\/span><\/p>\n<span class=\"vamtam-blank-space \" style=\"height:20px\"><\/span><\/div><\/div><\/div><\/div><\/div><\/div>\n","protected":false},"excerpt":{"rendered":"<p>Vous cherchez un brunch qui vous fera voyager?\u00a0Vous pr\u00e9f\u00e9rez les buffets \u00e0 volont\u00e9? Notre \u00e9quipe se fera le plaisir de vous dresser une table g\u00e9n\u00e9reuse \u00e9voquant les festins du dimanche chez T\u00e9ta (grand-maman). Vous trouverez une s\u00e9lection vari\u00e9e de mezz\u00e9s,&#8230;<\/p>\n","protected":false},"author":1,"featured_media":0,"parent":0,"menu_order":0,"comment_status":"closed","ping_status":"closed","template":"","meta":{"_monsterinsights_skip_tracking":false,"_monsterinsights_sitenote_active":false,"_monsterinsights_sitenote_note":"","_monsterinsights_sitenote_category":0,"footnotes":""},"class_list":["post-13195","page","type-page","status-publish","hentry"],"_links":{"self":[{"href":"https:\/\/www.solemer.com\/fr\/wp-json\/wp\/v2\/pages\/13195","targetHints":{"allow":["GET"]}}],"collection":[{"href":"https:\/\/www.solemer.com\/fr\/wp-json\/wp\/v2\/pages"}],"about":[{"href":"https:\/\/www.solemer.com\/fr\/wp-json\/wp\/v2\/types\/page"}],"author":[{"embeddable":true,"href":"https:\/\/www.solemer.com\/fr\/wp-json\/wp\/v2\/users\/1"}],"replies":[{"embeddable":true,"href":"https:\/\/www.solemer.com\/fr\/wp-json\/wp\/v2\/comments?post=13195"}],"version-history":[{"count":16,"href":"https:\/\/www.solemer.com\/fr\/wp-json\/wp\/v2\/pages\/13195\/revisions"}],"predecessor-version":[{"id":17947,"href":"https:\/\/www.solemer.com\/fr\/wp-json\/wp\/v2\/pages\/13195\/revisions\/17947"}],"wp:attachment":[{"href":"https:\/\/www.solemer.com\/fr\/wp-json\/wp\/v2\/media?parent=13195"}],"curies":[{"name":"wp","href":"https:\/\/api.w.org\/{rel}","templated":true}]}}