{"id":13203,"date":"2014-07-04T10:06:07","date_gmt":"2014-07-04T10:06:07","guid":{"rendered":"http:\/\/www.solemer.com\/solemer-at-home\/"},"modified":"2026-01-05T13:37:09","modified_gmt":"2026-01-05T13:37:09","slug":"solemer-at-home","status":"publish","type":"page","link":"https:\/\/www.solemer.com\/fr\/solemer-at-home\/","title":{"rendered":"Sol\u00e9mer Chez Vous"},"content":{"rendered":"<div class=\"row \"><div class=\"vamtam-grid grid-1-1 blueside vamtam-first-level grid-1-1  first has-background extended no-extended-padding\" style=\"background-color:#22272d;padding-top:0.05px;padding-bottom:0.05px;\" id=\"solemerathome\" ><div class=\"limit-wrapper\"><div class=\"extended-column-inner\"><style>#solemerathome,#solemerathome p,#solemerathome em,#solemerathome h1,#solemerathome h2,#solemerathome h3,#solemerathome h4,#solemerathome h5,#solemerathome h6,#solemerathome h1 a:not(:hover),#solemerathome h2 a:not(:hover),#solemerathome h3 a:not(:hover),#solemerathome h4 a:not(:hover),#solemerathome h5 a:not(:hover),#solemerathome h6 a:not(:hover),#solemerathome .column-title,#solemerathome .sep-text h2.regular-title-wrapper,#solemerathome .text-divider-double,#solemerathome .sep-text .sep-text-line,#solemerathome .sep,#solemerathome .sep-2,#solemerathome .sep-3,#solemerathome .portfolio-filters .inner-wrapper .cbp-filter-item,#solemerathome .portfolio-filters .inner-wrapper .cbp-filter-item:hover,#solemerathome .portfolio-filters .inner-wrapper .cbp-filter-item.cbp-filter-item-active,#solemerathome td,#solemerathome th,#solemerathome caption{color:#f4f4f4;}<\/style><div class=\"row \"><div class=\"vamtam-grid grid-1-2  grid-1-2  first has-background unextended animation-fade-in animated-active no-extended-padding\" style=\"\n\t\t\t\tbackground: url( &#039;https:\/\/www.solemer.com\/wp-content\/uploads\/2021\/02\/CATERING.jpg&#039; ) no-repeat center top;\n\t\t\t\tbackground-size: auto;\n\t\t\tbackground-attachment: scroll;padding-top:0.05px;padding-bottom:0.05px;\" id=\"vamtam-column-d6179609ef22e38e277a5e267b2d1a57\" ><\/div>\n<div class=\"vamtam-grid grid-1-2  grid-1-2  unextended animation-fade-in animated-active no-extended-padding\" style=\"padding-top:0.05px;padding-bottom:0.05px;\" id=\"vamtam-column-9935bbbf12e02dcc439c85b4e92964f1\" >\t\t<h2 class=\"text-divider-double\">\t\t\tService Traiteur\t\t<\/h2>\t\t\t\t<div class=\"sep\"><\/div>\n\t<p style=\"text-align: center;\"><b>Le traiteur de Sol\u00e9mer, de vos petites \u00e0 vos grandes occasions, cocktail de mariage, r\u00e9union d\u2019affaire, f\u00eate d\u2019anniversaire, \u2026<\/b><\/p>\n<p style=\"text-align: center;\">Buffet froid ou chaud | Bo\u00eetes \u00e0 lunch | Station grillades | Bar \u00e0 hu\u00eetres | Station Saj<\/p>\n<h5 style=\"text-align: center;\">Pour commander ou pour plus d\u2019informations:<br \/>\n<a href=\"mailto:info@solemer.com\">info@solemer.com<\/a><\/h5>\n<h5 style=\"text-align: center;\">T. <a href=\"tel:514.924.5656\">514-924-5656<\/a> ou\u00a0<a href=\"tel:514.699.3911\">514-699-3911<\/a><\/h5>\n<span class=\"vamtam-blank-space \" style=\"height:40px\"><\/span>\n<p class=\"textcenter\"><a href=\"https:\/\/www.solemer.com\/wp-content\/uploads\/2022\/04\/boite-a-lunch-fr-2022_compressed.pdf\" target=\"_self\" style='font-size: 16px;' class=\"vamtam-button accent1  button-border hover-accent2 \"><span class='icon shortcode theme ' style='font-size:24px !important;'>&#57474;<\/span><span class=\"btext\" data-text=\"Menu bo\u00eete \u00e0 Lunch\" >Menu bo\u00eete \u00e0 Lunch<\/span><\/a><\/p>\n<p class=\"textcenter\"><a href=\"https:\/\/www.solemer.com\/wp-content\/uploads\/2022\/02\/Menu-Bouchees-FR-3.0_compressed.pdf\" target=\"_self\" style='font-size: 16px;' class=\"vamtam-button accent1  button-border hover-accent2 \"><span class='icon shortcode theme ' style='font-size:24px !important;'>&#57474;<\/span><span class=\"btext\" data-text=\"Menu Bouch\u00e9es\" >Menu Bouch\u00e9es<\/span><\/a><\/p>\n<span class=\"vamtam-blank-space \" style=\"height:80px\"><\/span><\/div><\/div><\/div><\/div><\/div><\/div>\n<div class=\"limit-wrapper\"><div class=\"row \"><div class=\"vamtam-grid grid-1-1  vamtam-first-level grid-1-1  first unextended no-extended-padding\" style=\"padding-top:0.05px;padding-bottom:0.05px;\" id=\"takeaway\" ><div class=\"row \"><div class=\"vamtam-grid grid-1-1  grid-1-1  first unextended no-extended-padding\" style=\"padding-top:0.05px;padding-bottom:0.05px;\" id=\"vamtam-column-97a9b77bb1ce6eaa218d0a3b193cecc5\" >\n\t\t\t<!-- START TAKEAWAY FR REVOLUTION SLIDER 6.6.10 --><p class=\"rs-p-wp-fix\"><\/p>\n\t\t\t<rs-module-wrap id=\"rev_slider_15_1_wrapper\" data-source=\"gallery\" style=\"visibility:hidden;background:#ffffff;padding:0;margin:0px auto;margin-top:0;margin-bottom:0;\">\n\t\t\t\t<rs-module id=\"rev_slider_15_1\" style=\"\" data-version=\"6.6.10\">\n\t\t\t\t\t<rs-slides style=\"overflow: hidden; position: absolute;\">\n\t\t\t\t\t\t<rs-slide style=\"position: absolute;\" data-key=\"rs-23\" data-title=\"Slide\" data-anim=\"adpr:false;ms:600;\" data-in=\"o:0;\" data-out=\"a:false;\">\n\t\t\t\t\t\t\t<img decoding=\"async\" src=\"\/\/www.solemer.com\/wp-content\/plugins\/revslider\/public\/assets\/assets\/dummy.png\" alt=\"\" title=\"pita wraps\" width=\"960\" height=\"960\" class=\"rev-slidebg tp-rs-img rs-lazyload\" data-lazyload=\"\/\/www.solemer.com\/wp-content\/uploads\/2021\/02\/pita-wraps.jpg\" data-parallax=\"14\" data-no-retina>\n<!--\n\t\t\t\t\t\t\t--><a\n\t\t\t\t\t\t\t\tid=\"slider-15-slide-23-layer-0\" \n\t\t\t\t\t\t\t\tclass=\"rs-layer rev-btn\"\n\t\t\t\t\t\t\t\thref=\"tel:514-332-2255\" target=\"_self\" rel=\"nofollow\"\n\t\t\t\t\t\t\t\tdata-type=\"button\"\n\t\t\t\t\t\t\t\tdata-rsp_ch=\"on\"\n\t\t\t\t\t\t\t\tdata-xy=\"x:c;xo:-100px,-82px,0,0;y:m;yo:130px,107px,242px,217px;\"\n\t\t\t\t\t\t\t\tdata-text=\"w:normal;s:17,18,20,18;l:40,33,36,32;fw:500;\"\n\t\t\t\t\t\t\t\tdata-dim=\"minh:0px,none,none,none;\"\n\t\t\t\t\t\t\t\tdata-padding=\"r:25,21,16,14;l:25,21,16,14;\"\n\t\t\t\t\t\t\t\tdata-border=\"bos:solid;boc:rgba(255,255,255,0.35);bow:1px,1px,1px,1px;bor:10px,10px,10px,10px;\"\n\t\t\t\t\t\t\t\tdata-frame_999=\"o:0;st:w;sR:8700;\"\n\t\t\t\t\t\t\t\tstyle=\"z-index:12;background-color:#cc9e16;font-family:'Roboto';\"\n\t\t\t\t\t\t\t>Appel \n\t\t\t\t\t\t\t<\/a><!--\n\n\t\t\t\t\t\t\t--><a\n\t\t\t\t\t\t\t\tid=\"slider-15-slide-23-layer-1\" \n\t\t\t\t\t\t\t\tclass=\"rs-layer rev-btn\"\n\t\t\t\t\t\t\t\thref=\"https:\/\/www.solemer.com\/ueat.html#\/\" target=\"_self\" rel=\"nofollow\"\n\t\t\t\t\t\t\t\tdata-type=\"button\"\n\t\t\t\t\t\t\t\tdata-rsp_ch=\"on\"\n\t\t\t\t\t\t\t\tdata-xy=\"x:c;xo:115px,94px,0,0;y:m;yo:130px,107px,182px,163px;\"\n\t\t\t\t\t\t\t\tdata-text=\"w:normal;s:17,18,20,18;l:40,33,36,32;fw:500;\"\n\t\t\t\t\t\t\t\tdata-dim=\"minh:0px,none,none,none;\"\n\t\t\t\t\t\t\t\tdata-padding=\"r:25,21,16,14;l:25,21,16,14;\"\n\t\t\t\t\t\t\t\tdata-border=\"bos:solid;boc:rgba(255,255,255,0.35);bow:1px,1px,1px,1px;bor:10px,10px,10px,10px;\"\n\t\t\t\t\t\t\t\tdata-frame_999=\"o:0;st:w;sR:8700;\"\n\t\t\t\t\t\t\t\tstyle=\"z-index:11;background-color:#cc9e16;font-family:'Roboto';\"\n\t\t\t\t\t\t\t>Commande en ligne \n\t\t\t\t\t\t\t<\/a><!--\n\n\t\t\t\t\t\t\t--><rs-layer\n\t\t\t\t\t\t\t\tid=\"slider-15-slide-23-layer-5\" \n\t\t\t\t\t\t\t\tdata-type=\"shape\"\n\t\t\t\t\t\t\t\tdata-rsp_ch=\"on\"\n\t\t\t\t\t\t\t\tdata-xy=\"x:c;y:m;\"\n\t\t\t\t\t\t\t\tdata-text=\"w:normal;s:20,16,12,10;l:0,20,15,13;\"\n\t\t\t\t\t\t\t\tdata-dim=\"w:100%;h:100%;\"\n\t\t\t\t\t\t\t\tdata-basealign=\"slide\"\n\t\t\t\t\t\t\t\tdata-frame_999=\"o:0;st:w;sR:8700;\"\n\t\t\t\t\t\t\t\tstyle=\"z-index:8;background-color:rgba(0,0,0,0.5);\"\n\t\t\t\t\t\t\t> \n\t\t\t\t\t\t\t<\/rs-layer><!--\n\n\t\t\t\t\t\t\t--><rs-layer\n\t\t\t\t\t\t\t\tid=\"slider-15-slide-23-layer-8\" \n\t\t\t\t\t\t\t\tdata-type=\"text\"\n\t\t\t\t\t\t\t\tdata-color=\"#cd9b33\"\n\t\t\t\t\t\t\t\tdata-rsp_ch=\"on\"\n\t\t\t\t\t\t\t\tdata-xy=\"x:c;y:m;yo:-130px,-167px,-226px,-203px;\"\n\t\t\t\t\t\t\t\tdata-text=\"w:normal;s:40,62,77,69;l:50,41,71,63;a:center;\"\n\t\t\t\t\t\t\t\tdata-frame_999=\"o:0;st:w;\"\n\t\t\t\t\t\t\t\tstyle=\"z-index:13;font-family:'Roboto';\"\n\t\t\t\t\t\t\t>Vente \u00e0 Emporter \n\t\t\t\t\t\t\t<\/rs-layer><!--\n\n\t\t\t\t\t\t\t--><rs-layer\n\t\t\t\t\t\t\t\tid=\"slider-15-slide-23-layer-9\" \n\t\t\t\t\t\t\t\tdata-type=\"text\"\n\t\t\t\t\t\t\t\tdata-rsp_ch=\"on\"\n\t\t\t\t\t\t\t\tdata-xy=\"x:c;y:m;yo:0,-10px,-6px,-5px;\"\n\t\t\t\t\t\t\t\tdata-text=\"w:normal;s:20,18,26,24;l:25,20,26,24;a:center;\"\n\t\t\t\t\t\t\t\tdata-dim=\"w:50%,50%,565px,490px;\"\n\t\t\t\t\t\t\t\tdata-frame_999=\"o:0;st:w;\"\n\t\t\t\t\t\t\t\tstyle=\"z-index:14;font-family:'Roboto';\"\n\t\t\t\t\t\t\t>Passez \u00e0 Sol\u00e9mer Express (c\u00f4t\u00e9 poissonnerie) pour emporter notre fameux hummus, plats traditionnels maison, wrap de pita chaud, plateau de grillades, pieuvre grill\u00e9e, merlan frit\u2026 <br \/> \n\t\t\t\t\t\t\t<\/rs-layer><!--\n-->\t\t\t\t\t\t<\/rs-slide>\n\t\t\t\t\t<\/rs-slides>\n\t\t\t\t<\/rs-module>\n\t\t\t\t<script>\n\t\t\t\t\tsetREVStartSize({c: 'rev_slider_15_1',rl:[1240,1024,778,480],el:[600,768,960,600],gw:[1240,1024,778,700],gh:[600,768,960,600],type:'standard',justify:'',layout:'fullwidth',mh:\"0\"});if (window.RS_MODULES!==undefined && window.RS_MODULES.modules!==undefined && window.RS_MODULES.modules[\"revslider151\"]!==undefined) {window.RS_MODULES.modules[\"revslider151\"].once = false;window.revapi15 = undefined;if (window.RS_MODULES.checkMinimal!==undefined) window.RS_MODULES.checkMinimal()}\n\t\t\t\t<\/script>\n\t\t\t<\/rs-module-wrap>\n\t\t\t<!-- END REVOLUTION SLIDER -->\n<\/div><\/div><\/div><\/div><\/div>\n<div class=\"limit-wrapper\"><div class=\"row \"><div class=\"vamtam-grid grid-1-1  vamtam-first-level grid-1-1  first has-background unextended no-extended-padding\" style=\"background-color:#ffffff;padding-top:0.05px;padding-bottom:40px;\" id=\"delivery\" ><style>#delivery,#delivery p,#delivery em,#delivery h1,#delivery h2,#delivery h3,#delivery h4,#delivery h5,#delivery h6,#delivery h1 a:not(:hover),#delivery h2 a:not(:hover),#delivery h3 a:not(:hover),#delivery h4 a:not(:hover),#delivery h5 a:not(:hover),#delivery h6 a:not(:hover),#delivery .column-title,#delivery .sep-text h2.regular-title-wrapper,#delivery .text-divider-double,#delivery .sep-text .sep-text-line,#delivery .sep,#delivery .sep-2,#delivery .sep-3,#delivery .portfolio-filters .inner-wrapper .cbp-filter-item,#delivery .portfolio-filters .inner-wrapper .cbp-filter-item:hover,#delivery .portfolio-filters .inner-wrapper .cbp-filter-item.cbp-filter-item-active,#delivery td,#delivery th,#delivery caption{color:#333;}<\/style>\t\t<div class=\"sep-text single centered\">\n\t\t\t\t\t\t\t<div class=\"sep-text-before\"><div class=\"sep-text-line\"><\/div><\/div>\n\t\t\t\t\t\t<div class=\"content\">\n\t\t\t\t\n<h3>Livraison<\/h3>\n<div class=\"text-divider-subtitle\">Choisissez votre service de livraison<\/div>\t\t\t<\/div>\n\t\t\t<div class=\"sep-text-after\"><div class=\"sep-text-line\"><\/div><\/div>\n\t\t\t\t\t<\/div>\n\t\n<div class=\"row \"><div class=\"vamtam-grid grid-1-3  grid-1-3  first unextended no-extended-padding\" style=\"padding-top:0.05px;padding-bottom:0.05px;\" id=\"vamtam-column-9dd394111da194ba4fd90d944e16b9df\" ><p><a href=\"https:\/\/www.doordash.com\/store\/solemer-montr-al-630173\/en-US\/?utm_campaign=gpa\" target=\"_blank\" rel=\"noopener\"><img loading=\"lazy\" decoding=\"async\" class=\"aligncenter wp-image-17010 \" src=\"https:\/\/www.solemer.com\/wp-content\/uploads\/2021\/02\/Doordash_logo.5ed12c893a80c-300x69.png\" alt=\"\" width=\"261\" height=\"60\" srcset=\"https:\/\/www.solemer.com\/wp-content\/uploads\/2021\/02\/Doordash_logo.5ed12c893a80c-300x69.png 300w, https:\/\/www.solemer.com\/wp-content\/uploads\/2021\/02\/Doordash_logo.5ed12c893a80c-1024x236.png 1024w, https:\/\/www.solemer.com\/wp-content\/uploads\/2021\/02\/Doordash_logo.5ed12c893a80c-615x142.png 615w, https:\/\/www.solemer.com\/wp-content\/uploads\/2021\/02\/Doordash_logo.5ed12c893a80c-400x92.png 400w, https:\/\/www.solemer.com\/wp-content\/uploads\/2021\/02\/Doordash_logo.5ed12c893a80c-800x185.png 800w, https:\/\/www.solemer.com\/wp-content\/uploads\/2021\/02\/Doordash_logo.5ed12c893a80c-292x67.png 292w, https:\/\/www.solemer.com\/wp-content\/uploads\/2021\/02\/Doordash_logo.5ed12c893a80c-585x135.png 585w, https:\/\/www.solemer.com\/wp-content\/uploads\/2021\/02\/Doordash_logo.5ed12c893a80c-600x139.png 600w, https:\/\/www.solemer.com\/wp-content\/uploads\/2021\/02\/Doordash_logo.5ed12c893a80c.png 1200w\" sizes=\"auto, (max-width: 261px) 100vw, 261px\" \/><\/a><\/p><\/div>\n<div class=\"vamtam-grid grid-1-3  grid-1-3  unextended no-extended-padding\" style=\"padding-top:0.05px;padding-bottom:0.05px;\" id=\"vamtam-column-acf45aafeaf2dff9a9b088eff7e9d3dd\" ><p><a href=\"https:\/\/www.ubereats.com\/en-CA\/montreal\/food-delivery\/restaurant-solemer\/FEgZhQvYQcG0-yewR-vUGQ\/\" target=\"_blank\" rel=\"noopener noreferrer\"><img loading=\"lazy\" decoding=\"async\" class=\"wp-image-15368 aligncenter\" title=\"Ubereats Solemer\" src=\"https:\/\/www.solemer.com\/wp-content\/uploads\/2021\/02\/Uber-Eats-logo.png\" alt=\"\" width=\"200\" height=\"88\" \/><\/a><\/p><\/div>\n<div class=\"vamtam-grid grid-1-3  grid-1-3  unextended no-extended-padding\" style=\"padding-top:0.05px;padding-bottom:0.05px;\" id=\"vamtam-column-b02edc2c90566a76a0e85192e7f1fe66\" ><p><a href=\"https:\/\/www.skipthedishes.com\/solemer-restaurant-poissonnerie\" target=\"_blank\" rel=\"noopener\"><img loading=\"lazy\" decoding=\"async\" class=\"wp-image-16632 aligncenter\" src=\"https:\/\/www.solemer.com\/wp-content\/uploads\/2021\/02\/skipthedishes_owler_20190129_050437_original.png\" alt=\"\" width=\"174\" height=\"40\" \/><\/a><\/p><\/div><\/div><\/div><\/div><\/div>\n","protected":false},"excerpt":{"rendered":"<p>Le traiteur de Sol\u00e9mer, de vos petites \u00e0 vos grandes occasions, cocktail de mariage, r\u00e9union d\u2019affaire, f\u00eate d\u2019anniversaire, \u2026 Buffet froid ou chaud | Bo\u00eetes \u00e0 lunch | Station grillades | Bar \u00e0 hu\u00eetres | Station Saj Pour commander ou&#8230;<\/p>\n","protected":false},"author":1,"featured_media":0,"parent":0,"menu_order":0,"comment_status":"closed","ping_status":"open","template":"","meta":{"_monsterinsights_skip_tracking":false,"_monsterinsights_sitenote_active":false,"_monsterinsights_sitenote_note":"","_monsterinsights_sitenote_category":0,"footnotes":""},"class_list":["post-13203","page","type-page","status-publish","hentry"],"_links":{"self":[{"href":"https:\/\/www.solemer.com\/fr\/wp-json\/wp\/v2\/pages\/13203","targetHints":{"allow":["GET"]}}],"collection":[{"href":"https:\/\/www.solemer.com\/fr\/wp-json\/wp\/v2\/pages"}],"about":[{"href":"https:\/\/www.solemer.com\/fr\/wp-json\/wp\/v2\/types\/page"}],"author":[{"embeddable":true,"href":"https:\/\/www.solemer.com\/fr\/wp-json\/wp\/v2\/users\/1"}],"replies":[{"embeddable":true,"href":"https:\/\/www.solemer.com\/fr\/wp-json\/wp\/v2\/comments?post=13203"}],"version-history":[{"count":33,"href":"https:\/\/www.solemer.com\/fr\/wp-json\/wp\/v2\/pages\/13203\/revisions"}],"predecessor-version":[{"id":19701,"href":"https:\/\/www.solemer.com\/fr\/wp-json\/wp\/v2\/pages\/13203\/revisions\/19701"}],"wp:attachment":[{"href":"https:\/\/www.solemer.com\/fr\/wp-json\/wp\/v2\/media?parent=13203"}],"curies":[{"name":"wp","href":"https:\/\/api.w.org\/{rel}","templated":true}]}}