{"id":14818,"date":"2019-11-18T06:38:08","date_gmt":"2019-11-18T06:38:08","guid":{"rendered":"https:\/\/www.solemer.com\/events\/"},"modified":"2025-11-06T19:09:59","modified_gmt":"2025-11-06T19:09:59","slug":"groupes-privatisations","status":"publish","type":"page","link":"https:\/\/www.solemer.com\/fr\/groupes-privatisations\/","title":{"rendered":"Groupes &#038; Privatisations"},"content":{"rendered":"<div class=\"row \"><div class=\"vamtam-grid grid-1-1 blueside vamtam-first-level grid-1-1  first has-background extended no-extended-padding\" style=\"background-color:#22272d;padding-top:0.05px;padding-bottom:0.05px;\" id=\"vamtam-column-b612f00183970714856a96356c550179\" ><div class=\"limit-wrapper\"><div class=\"extended-column-inner\"><style>#vamtam-column-b612f00183970714856a96356c550179,#vamtam-column-b612f00183970714856a96356c550179 p,#vamtam-column-b612f00183970714856a96356c550179 em,#vamtam-column-b612f00183970714856a96356c550179 h1,#vamtam-column-b612f00183970714856a96356c550179 h2,#vamtam-column-b612f00183970714856a96356c550179 h3,#vamtam-column-b612f00183970714856a96356c550179 h4,#vamtam-column-b612f00183970714856a96356c550179 h5,#vamtam-column-b612f00183970714856a96356c550179 h6,#vamtam-column-b612f00183970714856a96356c550179 h1 a:not(:hover),#vamtam-column-b612f00183970714856a96356c550179 h2 a:not(:hover),#vamtam-column-b612f00183970714856a96356c550179 h3 a:not(:hover),#vamtam-column-b612f00183970714856a96356c550179 h4 a:not(:hover),#vamtam-column-b612f00183970714856a96356c550179 h5 a:not(:hover),#vamtam-column-b612f00183970714856a96356c550179 h6 a:not(:hover),#vamtam-column-b612f00183970714856a96356c550179 .column-title,#vamtam-column-b612f00183970714856a96356c550179 .sep-text h2.regular-title-wrapper,#vamtam-column-b612f00183970714856a96356c550179 .text-divider-double,#vamtam-column-b612f00183970714856a96356c550179 .sep-text .sep-text-line,#vamtam-column-b612f00183970714856a96356c550179 .sep,#vamtam-column-b612f00183970714856a96356c550179 .sep-2,#vamtam-column-b612f00183970714856a96356c550179 .sep-3,#vamtam-column-b612f00183970714856a96356c550179 .portfolio-filters .inner-wrapper .cbp-filter-item,#vamtam-column-b612f00183970714856a96356c550179 .portfolio-filters .inner-wrapper .cbp-filter-item:hover,#vamtam-column-b612f00183970714856a96356c550179 .portfolio-filters .inner-wrapper .cbp-filter-item.cbp-filter-item-active,#vamtam-column-b612f00183970714856a96356c550179 td,#vamtam-column-b612f00183970714856a96356c550179 th,#vamtam-column-b612f00183970714856a96356c550179 caption{color:#f4f4f4;}<\/style><div class=\"row \"><div class=\"vamtam-grid grid-1-2  grid-1-2  first has-background unextended animation-fade-in animated-active no-extended-padding\" style=\"\n\t\t\t\tbackground: url( &#039;https:\/\/www.solemer.com\/wp-content\/uploads\/2019\/07\/Brunch_FCCICL_2018-69.jpg&#039; ) no-repeat center top;\n\t\t\t\tbackground-size: auto;\n\t\t\tbackground-attachment: scroll;padding-top:0.05px;padding-bottom:0.05px;\" id=\"vamtam-column-754b9d26f8da0ee522079d4314600c64\" ><\/div>\n<div class=\"vamtam-grid grid-1-2  grid-1-2  unextended animation-fade-in animated-active no-extended-padding\" style=\"padding-top:0.05px;padding-bottom:0.05px;\" id=\"vamtam-column-362571e112bf2a088f465ffe96e3927e\" ><p style=\"text-align: center;\"><strong>Vous organisez une sortie de groupe prochainement?<\/strong><\/p>\n<p style=\"text-align: center;\">Que ce soit notre salle priv\u00e9e ou la privatisation du restaurant en entier, Sol\u00e9mer est l\u2019endroit id\u00e9al pour organier votre prochain \u00e9v\u00e9nement\u00a0: bapt\u00eame, conf\u00e9rence, anniversaire, fian\u00e7ailles, soir\u00e9e de filles, cockail d\u00eenatoire&#8230; Ambiance chaleureuse, service impeccable, une tabl\u00e9e royale de mezz\u00e9s authentiques, de poissons &amp; fruits de mer frais, accompagn\u00e9s d\u2019excellents vins en bonne compagnie\u2026 quoi de mieux?<\/p>\n<p class=\"textcenter\"><a href=\"https:\/\/www.solemer.com\/ninja-forms\/5fepf\/\" target=\"_self\" style='font-size: 18px;' class=\"vamtam-button accent1  button-border hover-accent2 \"><span class=\"btext\" data-text=\"Formulaire de demande de groupe\" >Formulaire de demande de groupe<\/span><\/a><\/p>\n<p class=\"textcenter\"><a href=\"https:\/\/www.solemer.com\/wp-content\/uploads\/2025\/11\/MENU_GROUPE_FR-2.pdf\" target=\"_blank\" style='font-size: 18px;' class=\"vamtam-button accent1  button-border hover-accent2 \"><span class=\"btext\" data-text=\"Menu de groupe\" >Menu de groupe<\/span><\/a><\/p>\n<p class=\"textcenter\"><a href=\"https:\/\/www.solemer.com\/wp-content\/uploads\/2023\/12\/menu_bouchees_2024.pdf\" target=\"_blank\" style='font-size: 18px;' class=\"vamtam-button accent1  button-border hover-accent2 \"><span class=\"btext\" data-text=\"Menu bouch\u00e9es\" >Menu bouch\u00e9es<\/span><\/a><\/p>\n<h3 align=\"center\"><span lang=\"FR-CA\">CONTACT<\/span><\/h3>\n<p class=\"petitparagraphe\" align=\"center\"><strong>\u2014 Par t\u00e9l\u00e9phone \u2014<\/strong><br \/>\nContactez-nous par t\u00e9l\u00e9phone aux heures d\u2019ouverture du \u2028restaurant<br \/>\n<a href=\"tel:514.332.2255\">514-332-2255<\/a> (ext\u00a0: 1)<\/p>\n<p class=\"petitparagraphe\" align=\"center\"><strong>\u2014 Par courriel \u2014<\/strong><br \/>\nContactez-nous en tout temps sur <a href=\"mailto:info@solemer.com\">info@solemer.com<\/a><\/p>\n<span class=\"vamtam-blank-space \" style=\"height:80px\"><\/span><\/div><\/div><\/div><\/div><\/div><\/div>\n","protected":false},"excerpt":{"rendered":"<p>Vous organisez une sortie de groupe prochainement? Que ce soit notre salle priv\u00e9e ou la privatisation du restaurant en entier, Sol\u00e9mer est l\u2019endroit id\u00e9al pour organier votre prochain \u00e9v\u00e9nement\u00a0: bapt\u00eame, conf\u00e9rence, anniversaire, fian\u00e7ailles, soir\u00e9e de filles, cockail d\u00eenatoire&#8230; Ambiance chaleureuse,&#8230;<\/p>\n","protected":false},"author":1,"featured_media":0,"parent":0,"menu_order":0,"comment_status":"closed","ping_status":"closed","template":"","meta":{"_monsterinsights_skip_tracking":false,"_monsterinsights_sitenote_active":false,"_monsterinsights_sitenote_note":"","_monsterinsights_sitenote_category":0,"footnotes":""},"class_list":["post-14818","page","type-page","status-publish","hentry"],"_links":{"self":[{"href":"https:\/\/www.solemer.com\/fr\/wp-json\/wp\/v2\/pages\/14818","targetHints":{"allow":["GET"]}}],"collection":[{"href":"https:\/\/www.solemer.com\/fr\/wp-json\/wp\/v2\/pages"}],"about":[{"href":"https:\/\/www.solemer.com\/fr\/wp-json\/wp\/v2\/types\/page"}],"author":[{"embeddable":true,"href":"https:\/\/www.solemer.com\/fr\/wp-json\/wp\/v2\/users\/1"}],"replies":[{"embeddable":true,"href":"https:\/\/www.solemer.com\/fr\/wp-json\/wp\/v2\/comments?post=14818"}],"version-history":[{"count":40,"href":"https:\/\/www.solemer.com\/fr\/wp-json\/wp\/v2\/pages\/14818\/revisions"}],"predecessor-version":[{"id":19639,"href":"https:\/\/www.solemer.com\/fr\/wp-json\/wp\/v2\/pages\/14818\/revisions\/19639"}],"wp:attachment":[{"href":"https:\/\/www.solemer.com\/fr\/wp-json\/wp\/v2\/media?parent=14818"}],"curies":[{"name":"wp","href":"https:\/\/api.w.org\/{rel}","templated":true}]}}