{"id":17475,"date":"2021-03-04T21:06:48","date_gmt":"2021-03-04T21:06:48","guid":{"rendered":"https:\/\/www.solemer.com\/product\/giftcard\/"},"modified":"2024-10-05T09:51:56","modified_gmt":"2024-10-05T09:51:56","slug":"giftcard","status":"publish","type":"product","link":"https:\/\/www.solemer.com\/fr\/produit\/giftcard\/","title":{"rendered":"Carte cadeau"},"content":{"rendered":"","protected":false},"excerpt":{"rendered":"<p><strong> Politiques :<\/strong><\/p>\n<ul>\n<li>Le pourboire applicable n\u2019est pas inclus et devra \u00eatre d\u00e9fray\u00e9 par le client lors de sa venue au restaurant.<\/li>\n<li>Les certificats-cadeaux n\u2019ont pas de date d\u2019expiration.<\/li>\n<li>Les prix indiqu\u00e9s sont en dollars canadiens et incluent les taxes.<\/li>\n<li>Les certificats-cadeaux sont\u00a0non monnayables\u00a0et\u00a0non remboursables.<\/li>\n<li>Nous ne pourrons \u00eatre tenus responsables en cas de perte ou de vol et ne remplaceront aucun ch\u00e8que-cadeau.<\/li>\n<li>En cas de non-utilisation du certificat-cadeau, ni l\u2019acheteur, ni le b\u00e9n\u00e9ficiaire ne pourront pr\u00e9tendre \u00e0 un remboursement.<\/li>\n<li>Si le ch\u00e8que-cadeau n\u2019est pas utilis\u00e9 en totalit\u00e9 lors de votre visite, une note de cr\u00e9dit vous sera \u00e9mise pour utilisation future (non valable sur les forfaits).<\/li>\n<li>Toute reproduction ou falsification peut entra\u00eener des poursuites p\u00e9nales.<\/li>\n<li>Le certificat-cadeau peut uniquement \u00eatre utilis\u00e9 au restaurant et n\u2019est pas applicable pour les mets \u00e0 emporter ni pour les livraisons.<\/li>\n<\/ul>\n","protected":false},"featured_media":17417,"template":"","meta":{"_monsterinsights_skip_tracking":false,"_monsterinsights_sitenote_active":false,"_monsterinsights_sitenote_note":"","_monsterinsights_sitenote_category":0},"product_brand":[],"product_cat":[195],"product_tag":[],"class_list":{"0":"post-17475","1":"product","2":"type-product","3":"status-publish","4":"has-post-thumbnail","6":"product_cat-gift-card-fr","8":"first","9":"instock","10":"sold-individually","11":"shipping-taxable","12":"purchasable","13":"product-type-pw-gift-card"},"_links":{"self":[{"href":"https:\/\/www.solemer.com\/fr\/wp-json\/wp\/v2\/product\/17475","targetHints":{"allow":["GET"]}}],"collection":[{"href":"https:\/\/www.solemer.com\/fr\/wp-json\/wp\/v2\/product"}],"about":[{"href":"https:\/\/www.solemer.com\/fr\/wp-json\/wp\/v2\/types\/product"}],"wp:featuredmedia":[{"embeddable":true,"href":"https:\/\/www.solemer.com\/fr\/wp-json\/wp\/v2\/media\/17417"}],"wp:attachment":[{"href":"https:\/\/www.solemer.com\/fr\/wp-json\/wp\/v2\/media?parent=17475"}],"wp:term":[{"taxonomy":"product_brand","embeddable":true,"href":"https:\/\/www.solemer.com\/fr\/wp-json\/wp\/v2\/product_brand?post=17475"},{"taxonomy":"product_cat","embeddable":true,"href":"https:\/\/www.solemer.com\/fr\/wp-json\/wp\/v2\/product_cat?post=17475"},{"taxonomy":"product_tag","embeddable":true,"href":"https:\/\/www.solemer.com\/fr\/wp-json\/wp\/v2\/product_tag?post=17475"}],"curies":[{"name":"wp","href":"https:\/\/api.w.org\/{rel}","templated":true}]}}